{"id":1193,"date":"2025-10-24T08:11:31","date_gmt":"2025-10-24T08:11:31","guid":{"rendered":"https:\/\/lovasmarkusepites.hu\/?page_id=1193"},"modified":"2025-10-31T16:50:23","modified_gmt":"2025-10-31T16:50:23","slug":"aszfaltozas-terkovezes-arkalkulator","status":"publish","type":"page","link":"https:\/\/lovasmarkusepites.hu\/index.php\/aszfaltozas-terkovezes-arkalkulator\/","title":{"rendered":"\u00c1rkalkul\u00e1tor t\u00e9rk\u00f6vez\u00e9s aszfaltoz\u00e1s"},"content":{"rendered":"\t\t<div data-elementor-type=\"wp-page\" data-elementor-id=\"1193\" class=\"elementor elementor-1193\">\n\t\t\t\t<div class=\"elementor-element elementor-element-794f4ed e-flex e-con-boxed wpr-particle-no wpr-jarallax-no wpr-parallax-no wpr-sticky-section-no wpr-equal-height-no e-con e-parent\" data-id=\"794f4ed\" data-element_type=\"container\" data-e-type=\"container\">\n\t\t\t\t\t<div class=\"e-con-inner\">\n\t\t\t\t<div class=\"elementor-element elementor-element-badf3d1 elementor-widget elementor-widget-stm_calc\" data-id=\"badf3d1\" data-element_type=\"widget\" data-e-type=\"widget\" data-widget_type=\"stm_calc.default\">\n\t\t\t\t<div class=\"elementor-widget-container\">\n\t\t\t\t\t<script type=\"text\/javascript\">window[\"ccb_front_template_1176\"] = [];<\/script>\n<div class=\"ccb-main-widget \" id=\"ccb_app_1176\" data-calc-id=\"1176\"><\/div>\n\t\t\t\t<\/div>\n\t\t\t\t<\/div>\n\t\t\t\t<div class=\"elementor-element elementor-element-cb2b2bf elementor-mobile-align-center elementor-widget elementor-widget-button\" data-id=\"cb2b2bf\" data-element_type=\"widget\" data-e-type=\"widget\" data-settings=\"{&quot;_animation_mobile&quot;:&quot;headShake&quot;}\" data-widget_type=\"button.default\">\n\t\t\t\t\t\t\t\t\t\t<a class=\"elementor-button elementor-button-link elementor-size-sm\" href=\"https:\/\/lovasmarkusepites.hu\/index.php\/terkovezesre-ajanlat\/\">\n\t\t\t\t\t\t<span class=\"elementor-button-content-wrapper\">\n\t\t\t\t\t\t\t\t\t<span class=\"elementor-button-text\">Szem\u00e9lyreszabott \u00e1raj\u00e1nlatot k\u00e9rek!<\/span>\n\t\t\t\t\t<\/span>\n\t\t\t\t\t<\/a>\n\t\t\t\t\t\t\t\t<\/div>\n\t\t\t\t<div class=\"elementor-element elementor-element-19d1d4d elementor-hidden-desktop elementor-hidden-tablet elementor-hidden-mobile elementor-widget elementor-widget-heading\" data-id=\"19d1d4d\" data-element_type=\"widget\" data-e-type=\"widget\" data-widget_type=\"heading.default\">\n\t\t\t\t\t<h2 class=\"elementor-heading-title elementor-size-default\">Aszfaltoz\u00e1s t\u00e9rk\u00f6vez\u00e9s olcs\u00f3n<\/h2>\t\t\t\t<\/div>\n\t\t\t\t\t<\/div>\n\t\t\t\t<\/div>\n\t\t\t\t<\/div>\n\t\t","protected":false},"excerpt":{"rendered":"<p>Szem\u00e9lyreszabott \u00e1raj\u00e1nlatot k\u00e9rek! Aszfaltoz\u00e1s t\u00e9rk\u00f6vez\u00e9s olcs\u00f3n<\/p>\n","protected":false},"author":1,"featured_media":0,"parent":0,"menu_order":0,"comment_status":"closed","ping_status":"closed","template":"","meta":{"footnotes":""},"class_list":["post-1193","page","type-page","status-publish","hentry"],"yoast_head":"<!-- This site is optimized with the Yoast SEO plugin v27.3 - https:\/\/yoast.com\/product\/yoast-seo-wordpress\/ -->\n<title>\u00c1rkalkul\u00e1tor t\u00e9rk\u00f6vez\u00e9s aszfaltoz\u00e1s | Lovas &amp; Markus Group<\/title>\n<meta name=\"description\" content=\"Sz\u00e1mold ki k\u00f6nnyed\u00e9n az aszfaltoz\u00e1s \u00e9s t\u00e9rk\u00f6vez\u00e9s k\u00f6lts\u00e9geit online \u00e1rkalkul\u00e1torunkkal! Gyors kalkul\u00e1ci\u00f3 minden projektedhez.\" \/>\n<meta name=\"robots\" content=\"index, follow, max-snippet:-1, max-image-preview:large, max-video-preview:-1\" \/>\n<link rel=\"canonical\" href=\"https:\/\/lovasmarkusepites.hu\/index.php\/aszfaltozas-terkovezes-arkalkulator\/\" \/>\n<meta property=\"og:locale\" content=\"hu_HU\" \/>\n<meta property=\"og:type\" content=\"article\" \/>\n<meta property=\"og:title\" content=\"\u00c1rkalkul\u00e1tor t\u00e9rk\u00f6vez\u00e9s aszfaltoz\u00e1s | Lovas &amp; Markus Group\" \/>\n<meta property=\"og:description\" content=\"Sz\u00e1mold ki k\u00f6nnyed\u00e9n az aszfaltoz\u00e1s \u00e9s t\u00e9rk\u00f6vez\u00e9s k\u00f6lts\u00e9geit online \u00e1rkalkul\u00e1torunkkal! Gyors kalkul\u00e1ci\u00f3 minden projektedhez.\" \/>\n<meta property=\"og:url\" content=\"https:\/\/lovasmarkusepites.hu\/index.php\/aszfaltozas-terkovezes-arkalkulator\/\" \/>\n<meta property=\"og:site_name\" content=\"Lovas &amp; Markus Group\" \/>\n<meta property=\"article:publisher\" content=\"https:\/\/www.facebook.com\/p\/Antracit-t-100092576028265\/\" \/>\n<meta property=\"article:modified_time\" content=\"2025-10-31T16:50:23+00:00\" \/>\n<meta name=\"twitter:card\" content=\"summary_large_image\" \/>\n<script type=\"application\/ld+json\" class=\"yoast-schema-graph\">{\"@context\":\"https:\\\/\\\/schema.org\",\"@graph\":[{\"@type\":\"WebPage\",\"@id\":\"https:\\\/\\\/lovasmarkusepites.hu\\\/index.php\\\/aszfaltozas-terkovezes-arkalkulator\\\/\",\"url\":\"https:\\\/\\\/lovasmarkusepites.hu\\\/index.php\\\/aszfaltozas-terkovezes-arkalkulator\\\/\",\"name\":\"\u00c1rkalkul\u00e1tor t\u00e9rk\u00f6vez\u00e9s aszfaltoz\u00e1s | Lovas &amp; Markus Group\",\"isPartOf\":{\"@id\":\"https:\\\/\\\/lovasmarkusepites.hu\\\/#website\"},\"datePublished\":\"2025-10-24T08:11:31+00:00\",\"dateModified\":\"2025-10-31T16:50:23+00:00\",\"description\":\"Sz\u00e1mold ki k\u00f6nnyed\u00e9n az aszfaltoz\u00e1s \u00e9s t\u00e9rk\u00f6vez\u00e9s k\u00f6lts\u00e9geit online \u00e1rkalkul\u00e1torunkkal! Gyors kalkul\u00e1ci\u00f3 minden projektedhez.\",\"breadcrumb\":{\"@id\":\"https:\\\/\\\/lovasmarkusepites.hu\\\/index.php\\\/aszfaltozas-terkovezes-arkalkulator\\\/#breadcrumb\"},\"inLanguage\":\"hu\",\"potentialAction\":[{\"@type\":\"ReadAction\",\"target\":[\"https:\\\/\\\/lovasmarkusepites.hu\\\/index.php\\\/aszfaltozas-terkovezes-arkalkulator\\\/\"]}]},{\"@type\":\"BreadcrumbList\",\"@id\":\"https:\\\/\\\/lovasmarkusepites.hu\\\/index.php\\\/aszfaltozas-terkovezes-arkalkulator\\\/#breadcrumb\",\"itemListElement\":[{\"@type\":\"ListItem\",\"position\":1,\"name\":\"Kezd\u0151lap\",\"item\":\"https:\\\/\\\/lovasmarkusepites.hu\\\/\"},{\"@type\":\"ListItem\",\"position\":2,\"name\":\"\u00c1rkalkul\u00e1tor t\u00e9rk\u00f6vez\u00e9s aszfaltoz\u00e1s\"}]},{\"@type\":\"WebSite\",\"@id\":\"https:\\\/\\\/lovasmarkusepites.hu\\\/#website\",\"url\":\"https:\\\/\\\/lovasmarkusepites.hu\\\/\",\"name\":\"Lovas & Markus Group.\",\"description\":\"Aaszfaltoz\u00e1s t\u00e9rk\u00f6vez\u00e9s\",\"publisher\":{\"@id\":\"https:\\\/\\\/lovasmarkusepites.hu\\\/#organization\"},\"potentialAction\":[{\"@type\":\"SearchAction\",\"target\":{\"@type\":\"EntryPoint\",\"urlTemplate\":\"https:\\\/\\\/lovasmarkusepites.hu\\\/?s={search_term_string}\"},\"query-input\":{\"@type\":\"PropertyValueSpecification\",\"valueRequired\":true,\"valueName\":\"search_term_string\"}}],\"inLanguage\":\"hu\"},{\"@type\":\"Organization\",\"@id\":\"https:\\\/\\\/lovasmarkusepites.hu\\\/#organization\",\"name\":\"Lovas & Markus Group.\",\"url\":\"https:\\\/\\\/lovasmarkusepites.hu\\\/\",\"logo\":{\"@type\":\"ImageObject\",\"inLanguage\":\"hu\",\"@id\":\"https:\\\/\\\/lovasmarkusepites.hu\\\/#\\\/schema\\\/logo\\\/image\\\/\",\"url\":\"https:\\\/\\\/lovasmarkusepites.hu\\\/wp-content\\\/uploads\\\/2021\\\/12\\\/cropped-1000032137-1.png\",\"contentUrl\":\"https:\\\/\\\/lovasmarkusepites.hu\\\/wp-content\\\/uploads\\\/2021\\\/12\\\/cropped-1000032137-1.png\",\"width\":1500,\"height\":991,\"caption\":\"Lovas & Markus Group.\"},\"image\":{\"@id\":\"https:\\\/\\\/lovasmarkusepites.hu\\\/#\\\/schema\\\/logo\\\/image\\\/\"},\"sameAs\":[\"https:\\\/\\\/www.facebook.com\\\/p\\\/Antracit-t-100092576028265\\\/\"]}]}<\/script>\n<!-- \/ Yoast SEO plugin. -->","yoast_head_json":{"title":"\u00c1rkalkul\u00e1tor t\u00e9rk\u00f6vez\u00e9s aszfaltoz\u00e1s | Lovas &amp; Markus Group","description":"Sz\u00e1mold ki k\u00f6nnyed\u00e9n az aszfaltoz\u00e1s \u00e9s t\u00e9rk\u00f6vez\u00e9s k\u00f6lts\u00e9geit online \u00e1rkalkul\u00e1torunkkal! Gyors kalkul\u00e1ci\u00f3 minden projektedhez.","robots":{"index":"index","follow":"follow","max-snippet":"max-snippet:-1","max-image-preview":"max-image-preview:large","max-video-preview":"max-video-preview:-1"},"canonical":"https:\/\/lovasmarkusepites.hu\/index.php\/aszfaltozas-terkovezes-arkalkulator\/","og_locale":"hu_HU","og_type":"article","og_title":"\u00c1rkalkul\u00e1tor t\u00e9rk\u00f6vez\u00e9s aszfaltoz\u00e1s | Lovas &amp; Markus Group","og_description":"Sz\u00e1mold ki k\u00f6nnyed\u00e9n az aszfaltoz\u00e1s \u00e9s t\u00e9rk\u00f6vez\u00e9s k\u00f6lts\u00e9geit online \u00e1rkalkul\u00e1torunkkal! Gyors kalkul\u00e1ci\u00f3 minden projektedhez.","og_url":"https:\/\/lovasmarkusepites.hu\/index.php\/aszfaltozas-terkovezes-arkalkulator\/","og_site_name":"Lovas &amp; Markus Group","article_publisher":"https:\/\/www.facebook.com\/p\/Antracit-t-100092576028265\/","article_modified_time":"2025-10-31T16:50:23+00:00","twitter_card":"summary_large_image","schema":{"@context":"https:\/\/schema.org","@graph":[{"@type":"WebPage","@id":"https:\/\/lovasmarkusepites.hu\/index.php\/aszfaltozas-terkovezes-arkalkulator\/","url":"https:\/\/lovasmarkusepites.hu\/index.php\/aszfaltozas-terkovezes-arkalkulator\/","name":"\u00c1rkalkul\u00e1tor t\u00e9rk\u00f6vez\u00e9s aszfaltoz\u00e1s | Lovas &amp; Markus Group","isPartOf":{"@id":"https:\/\/lovasmarkusepites.hu\/#website"},"datePublished":"2025-10-24T08:11:31+00:00","dateModified":"2025-10-31T16:50:23+00:00","description":"Sz\u00e1mold ki k\u00f6nnyed\u00e9n az aszfaltoz\u00e1s \u00e9s t\u00e9rk\u00f6vez\u00e9s k\u00f6lts\u00e9geit online \u00e1rkalkul\u00e1torunkkal! Gyors kalkul\u00e1ci\u00f3 minden projektedhez.","breadcrumb":{"@id":"https:\/\/lovasmarkusepites.hu\/index.php\/aszfaltozas-terkovezes-arkalkulator\/#breadcrumb"},"inLanguage":"hu","potentialAction":[{"@type":"ReadAction","target":["https:\/\/lovasmarkusepites.hu\/index.php\/aszfaltozas-terkovezes-arkalkulator\/"]}]},{"@type":"BreadcrumbList","@id":"https:\/\/lovasmarkusepites.hu\/index.php\/aszfaltozas-terkovezes-arkalkulator\/#breadcrumb","itemListElement":[{"@type":"ListItem","position":1,"name":"Kezd\u0151lap","item":"https:\/\/lovasmarkusepites.hu\/"},{"@type":"ListItem","position":2,"name":"\u00c1rkalkul\u00e1tor t\u00e9rk\u00f6vez\u00e9s aszfaltoz\u00e1s"}]},{"@type":"WebSite","@id":"https:\/\/lovasmarkusepites.hu\/#website","url":"https:\/\/lovasmarkusepites.hu\/","name":"Lovas & Markus Group.","description":"Aaszfaltoz\u00e1s t\u00e9rk\u00f6vez\u00e9s","publisher":{"@id":"https:\/\/lovasmarkusepites.hu\/#organization"},"potentialAction":[{"@type":"SearchAction","target":{"@type":"EntryPoint","urlTemplate":"https:\/\/lovasmarkusepites.hu\/?s={search_term_string}"},"query-input":{"@type":"PropertyValueSpecification","valueRequired":true,"valueName":"search_term_string"}}],"inLanguage":"hu"},{"@type":"Organization","@id":"https:\/\/lovasmarkusepites.hu\/#organization","name":"Lovas & Markus Group.","url":"https:\/\/lovasmarkusepites.hu\/","logo":{"@type":"ImageObject","inLanguage":"hu","@id":"https:\/\/lovasmarkusepites.hu\/#\/schema\/logo\/image\/","url":"https:\/\/lovasmarkusepites.hu\/wp-content\/uploads\/2021\/12\/cropped-1000032137-1.png","contentUrl":"https:\/\/lovasmarkusepites.hu\/wp-content\/uploads\/2021\/12\/cropped-1000032137-1.png","width":1500,"height":991,"caption":"Lovas & Markus Group."},"image":{"@id":"https:\/\/lovasmarkusepites.hu\/#\/schema\/logo\/image\/"},"sameAs":["https:\/\/www.facebook.com\/p\/Antracit-t-100092576028265\/"]}]}},"jetpack_sharing_enabled":true,"_links":{"self":[{"href":"https:\/\/lovasmarkusepites.hu\/index.php\/wp-json\/wp\/v2\/pages\/1193","targetHints":{"allow":["GET"]}}],"collection":[{"href":"https:\/\/lovasmarkusepites.hu\/index.php\/wp-json\/wp\/v2\/pages"}],"about":[{"href":"https:\/\/lovasmarkusepites.hu\/index.php\/wp-json\/wp\/v2\/types\/page"}],"author":[{"embeddable":true,"href":"https:\/\/lovasmarkusepites.hu\/index.php\/wp-json\/wp\/v2\/users\/1"}],"replies":[{"embeddable":true,"href":"https:\/\/lovasmarkusepites.hu\/index.php\/wp-json\/wp\/v2\/comments?post=1193"}],"version-history":[{"count":19,"href":"https:\/\/lovasmarkusepites.hu\/index.php\/wp-json\/wp\/v2\/pages\/1193\/revisions"}],"predecessor-version":[{"id":1481,"href":"https:\/\/lovasmarkusepites.hu\/index.php\/wp-json\/wp\/v2\/pages\/1193\/revisions\/1481"}],"wp:attachment":[{"href":"https:\/\/lovasmarkusepites.hu\/index.php\/wp-json\/wp\/v2\/media?parent=1193"}],"curies":[{"name":"wp","href":"https:\/\/api.w.org\/{rel}","templated":true}]}}